{"id":350,"date":"2023-05-11T09:58:17","date_gmt":"2023-05-11T12:58:17","guid":{"rendered":"http:\/\/hippobusiness.com.br\/?page_id=350"},"modified":"2023-05-11T09:58:17","modified_gmt":"2023-05-11T12:58:17","slug":"traducoes","status":"publish","type":"page","link":"https:\/\/hippobusiness.com.br\/es\/traducoes\/","title":{"rendered":"Traducciones"},"content":{"rendered":"<div data-elementor-type=\"page\" data-elementor-id=\"226\" class=\"elementor elementor-226\">\n\t\t\t\t\t\t<section class=\"elementor-section elementor-top-section elementor-element elementor-element-6d0bab1d elementor-section-boxed elementor-section-height-default elementor-section-height-default\" data-id=\"6d0bab1d\" data-element_type=\"section\" data-settings=\"{&quot;background_background&quot;:&quot;classic&quot;,&quot;mdp_selection_sticky_effect_enable&quot;:false}\">\n\t\t\t\t\t\t<div class=\"elementor-container elementor-column-gap-wider\">\n\t\t\t\t\t<div class=\"elementor-column elementor-col-100 elementor-top-column elementor-element elementor-element-27f0fd90\" data-id=\"27f0fd90\" data-element_type=\"column\" data-settings=\"{&quot;mdp_selection_sticky_column_effect_enable&quot;:false}\">\n\t\t\t<div class=\"elementor-widget-wrap elementor-element-populated\">\n\t\t\t\t\t\t<div class=\"elementor-element elementor-element-5660aa40 elementor-widget elementor-widget-heading\" data-id=\"5660aa40\" data-element_type=\"widget\" data-widget_type=\"heading.default\">\n\t\t\t\t<div class=\"elementor-widget-container\">\n\t\t\t\t\t<h1 class=\"elementor-heading-title elementor-size-default\">Traducciones<\/h1>\t\t\t\t<\/div>\n\t\t\t\t<\/div>\n\t\t\t\t<div class=\"elementor-element elementor-element-dedc247 elementor-absolute elementor-hidden-phone elementor-widget elementor-widget-heading\" data-id=\"dedc247\" data-element_type=\"widget\" data-settings=\"{&quot;_position&quot;:&quot;absolute&quot;}\" data-widget_type=\"heading.default\">\n\t\t\t\t<div class=\"elementor-widget-container\">\n\t\t\t\t\t<div class=\"elementor-heading-title elementor-size-default\">Hippo<\/div>\t\t\t\t<\/div>\n\t\t\t\t<\/div>\n\t\t\t\t\t<\/div>\n\t\t<\/div>\n\t\t\t\t\t<\/div>\n\t\t<\/section>\n\t\t<div class=\"elementor-element elementor-element-ac471ae e-flex e-con-boxed e-con e-parent\" data-id=\"ac471ae\" data-element_type=\"container\">\n\t\t\t\t\t<div class=\"e-con-inner\">\n\t\t<div class=\"elementor-element elementor-element-57986c7 e-con-full e-flex e-con e-child\" data-id=\"57986c7\" data-element_type=\"container\">\n\t\t\t\t<div class=\"elementor-element elementor-element-e42fda4 elementor-widget elementor-widget-heading\" data-id=\"e42fda4\" data-element_type=\"widget\" data-widget_type=\"heading.default\">\n\t\t\t\t<div class=\"elementor-widget-container\">\n\t\t\t\t\t<h3 class=\"elementor-heading-title elementor-size-default\">Traducci\u00f3n T\u00e9cnica<\/h3>\t\t\t\t<\/div>\n\t\t\t\t<\/div>\n\t\t\t\t<div class=\"elementor-element elementor-element-7d2be51 elementor-widget elementor-widget-heading\" data-id=\"7d2be51\" data-element_type=\"widget\" data-widget_type=\"heading.default\">\n\t\t\t\t<div class=\"elementor-widget-container\">\n\t\t\t\t\t<span class=\"elementor-heading-title elementor-size-default\">Escritura realizada por profesionales especialistas en las \u00e1reas de TI, Econom\u00eda, Ingenier\u00eda, Farmacia, Finanzas, Jur\u00eddica, Marketing, Medicina y Salud, Miner\u00eda, Odontolog\u00eda, Veterinaria, Turismo, Aviaci\u00f3n, Arquitectura, entre otras.<\/span>\t\t\t\t<\/div>\n\t\t\t\t<\/div>\n\t\t\t\t<\/div>\n\t\t<div class=\"elementor-element elementor-element-4d803b6 e-con-full e-flex e-con e-child\" data-id=\"4d803b6\" data-element_type=\"container\">\n\t\t\t\t<div class=\"elementor-element elementor-element-e86c06e elementor-widget elementor-widget-heading\" data-id=\"e86c06e\" data-element_type=\"widget\" data-widget_type=\"heading.default\">\n\t\t\t\t<div class=\"elementor-widget-container\">\n\t\t\t\t\t<h3 class=\"elementor-heading-title elementor-size-default\">Traducci\u00f3n P\u00fablica (o Jurada)<\/h3>\t\t\t\t<\/div>\n\t\t\t\t<\/div>\n\t\t\t\t<div class=\"elementor-element elementor-element-2127d85 elementor-widget elementor-widget-heading\" data-id=\"2127d85\" data-element_type=\"widget\" data-widget_type=\"heading.default\">\n\t\t\t\t<div class=\"elementor-widget-container\">\n\t\t\t\t\t<span class=\"elementor-heading-title elementor-size-default\">Traducciones de documentos con fe p\u00fablica para uso oficial, como actas de nacimiento, de matrimonio, actas literales, estados bancarios, testamentos, poderes, certificados de estudios, diplomas o en el \u00e1mbito corporativo y jur\u00eddico. Por lo general son necesarias para presentaci\u00f3n en universidades en el exterior, embajadas, visas de trabajo o de inmigraci\u00f3n.<\/span>\t\t\t\t<\/div>\n\t\t\t\t<\/div>\n\t\t\t\t<\/div>\n\t\t<div class=\"elementor-element elementor-element-4ccccaa e-con-full e-flex e-con e-child\" data-id=\"4ccccaa\" data-element_type=\"container\">\n\t\t\t\t<div class=\"elementor-element elementor-element-8a23d55 elementor-widget elementor-widget-heading\" data-id=\"8a23d55\" data-element_type=\"widget\" data-widget_type=\"heading.default\">\n\t\t\t\t<div class=\"elementor-widget-container\">\n\t\t\t\t\t<h3 class=\"elementor-heading-title elementor-size-default\">Traducci\u00f3n Jur\u00eddica<\/h3>\t\t\t\t<\/div>\n\t\t\t\t<\/div>\n\t\t\t\t<div class=\"elementor-element elementor-element-ba4d55e elementor-widget elementor-widget-heading\" data-id=\"ba4d55e\" data-element_type=\"widget\" data-widget_type=\"heading.default\">\n\t\t\t\t<div class=\"elementor-widget-container\">\n\t\t\t\t\t<span class=\"elementor-heading-title elementor-size-default\">Realizada en el \u00e1mbito del derecho, las leyes, estatutos y decretos, como contratos, acuerdos, pol\u00edticas corporativas, c\u00f3digos de \u00e9tica, exhortos, medidas judiciales provisionales, entre otros. Puede estar en formato biling\u00fce, en dos columnas y no siempre tiene que ser una traducci\u00f3n p\u00fablica.<\/span>\t\t\t\t<\/div>\n\t\t\t\t<\/div>\n\t\t\t\t<\/div>\n\t\t<div class=\"elementor-element elementor-element-cd57559 e-con-full e-flex e-con e-child\" data-id=\"cd57559\" data-element_type=\"container\">\n\t\t\t\t<div class=\"elementor-element elementor-element-3062d14 elementor-widget elementor-widget-heading\" data-id=\"3062d14\" data-element_type=\"widget\" data-widget_type=\"heading.default\">\n\t\t\t\t<div class=\"elementor-widget-container\">\n\t\t\t\t\t<h3 class=\"elementor-heading-title elementor-size-default\">Traducci\u00f3n Simult\u00e1nea y Consecutiva<\/h3>\t\t\t\t<\/div>\n\t\t\t\t<\/div>\n\t\t\t\t<div class=\"elementor-element elementor-element-5707d96 elementor-widget elementor-widget-heading\" data-id=\"5707d96\" data-element_type=\"widget\" data-widget_type=\"heading.default\">\n\t\t\t\t<div class=\"elementor-widget-container\">\n\t\t\t\t\t<span class=\"elementor-heading-title elementor-size-default\">Interpretaci\u00f3n realizada por traductores e int\u00e9rpretes experimentados para reuniones, eventos, charlas o llamadas telef\u00f3nicas en distintos idiomas. Ofrecemos la plataforma y el equipo de apoyo para eventos online.<\/span>\t\t\t\t<\/div>\n\t\t\t\t<\/div>\n\t\t\t\t<\/div>\n\t\t\t\t\t<\/div>\n\t\t\t\t<\/div>\n\t\t<div class=\"elementor-element elementor-element-26212bb e-flex e-con-boxed e-con e-parent\" data-id=\"26212bb\" data-element_type=\"container\">\n\t\t\t\t\t<div class=\"e-con-inner\">\n\t\t<div class=\"elementor-element elementor-element-bc25fd9 e-con-full e-flex e-con e-child\" data-id=\"bc25fd9\" data-element_type=\"container\">\n\t\t\t\t<div class=\"elementor-element elementor-element-4ebbaca elementor-widget elementor-widget-heading\" data-id=\"4ebbaca\" data-element_type=\"widget\" data-widget_type=\"heading.default\">\n\t\t\t\t<div class=\"elementor-widget-container\">\n\t\t\t\t\t<h3 class=\"elementor-heading-title elementor-size-default\">Transcripci\u00f3n<\/h3>\t\t\t\t<\/div>\n\t\t\t\t<\/div>\n\t\t\t\t<div class=\"elementor-element elementor-element-6e17bff elementor-widget elementor-widget-heading\" data-id=\"6e17bff\" data-element_type=\"widget\" data-widget_type=\"heading.default\">\n\t\t\t\t<div class=\"elementor-widget-container\">\n\t\t\t\t\t<span class=\"elementor-heading-title elementor-size-default\">Es la conversi\u00f3n de video y de audio a texto.<\/span>\t\t\t\t<\/div>\n\t\t\t\t<\/div>\n\t\t\t\t<\/div>\n\t\t<div class=\"elementor-element elementor-element-e793a4f e-con-full e-flex e-con e-child\" data-id=\"e793a4f\" data-element_type=\"container\">\n\t\t\t\t<div class=\"elementor-element elementor-element-cac573a elementor-widget elementor-widget-heading\" data-id=\"cac573a\" data-element_type=\"widget\" data-widget_type=\"heading.default\">\n\t\t\t\t<div class=\"elementor-widget-container\">\n\t\t\t\t\t<h3 class=\"elementor-heading-title elementor-size-default\">Subtitulado<\/h3>\t\t\t\t<\/div>\n\t\t\t\t<\/div>\n\t\t\t\t<div class=\"elementor-element elementor-element-b064e95 elementor-widget elementor-widget-heading\" data-id=\"b064e95\" data-element_type=\"widget\" data-widget_type=\"heading.default\">\n\t\t\t\t<div class=\"elementor-widget-container\">\n\t\t\t\t\t<span class=\"elementor-heading-title elementor-size-default\">Es la inclusi\u00f3n de un subtitulado traducido a un video.<\/span>\t\t\t\t<\/div>\n\t\t\t\t<\/div>\n\t\t\t\t<\/div>\n\t\t\t\t\t<\/div>\n\t\t\t\t<\/div>\n\t\t<div class=\"elementor-element elementor-element-bd7ca26 e-flex e-con-boxed e-con e-parent\" data-id=\"bd7ca26\" data-element_type=\"container\">\n\t\t\t\t\t<div class=\"e-con-inner\">\n\t\t\t\t<div class=\"elementor-element elementor-element-9fe00ec elementor-widget elementor-widget-spacer\" data-id=\"9fe00ec\" data-element_type=\"widget\" data-widget_type=\"spacer.default\">\n\t\t\t\t<div class=\"elementor-widget-container\">\n\t\t\t\t\t\t\t<div class=\"elementor-spacer\">\n\t\t\t<div class=\"elementor-spacer-inner\"><\/div>\n\t\t<\/div>\n\t\t\t\t\t\t<\/div>\n\t\t\t\t<\/div>\n\t\t\t\t\t<\/div>\n\t\t\t\t<\/div>\n\t\t<div class=\"elementor-element elementor-element-10f190fd e-flex e-con-boxed e-con e-parent\" data-id=\"10f190fd\" data-element_type=\"container\">\n\t\t\t\t\t<div class=\"e-con-inner\">\n\t\t\t\t<div class=\"elementor-element elementor-element-4b8b1cce elementor-widget elementor-widget-heading\" data-id=\"4b8b1cce\" data-element_type=\"widget\" data-widget_type=\"heading.default\">\n\t\t\t\t<div class=\"elementor-widget-container\">\n\t\t\t\t\t<h3 class=\"elementor-heading-title elementor-size-default\">\u00bfEst\u00e1s listo para empezar?<\/h3>\t\t\t\t<\/div>\n\t\t\t\t<\/div>\n\t\t<div class=\"elementor-element elementor-element-724894c4 e-flex e-con-boxed e-con e-child\" data-id=\"724894c4\" data-element_type=\"container\">\n\t\t\t\t\t<div class=\"e-con-inner\">\n\t\t\t\t<div class=\"elementor-element elementor-element-c6aa529 elementor-widget elementor-widget-heading\" data-id=\"c6aa529\" data-element_type=\"widget\" data-widget_type=\"heading.default\">\n\t\t\t\t<div class=\"elementor-widget-container\">\n\t\t\t\t\t<h4 class=\"elementor-heading-title elementor-size-large\">Let\u2019s do it!<\/h4>\t\t\t\t<\/div>\n\t\t\t\t<\/div>\n\t\t\t\t<div class=\"elementor-element elementor-element-bfdf3dc elementor-align-center elementor-widget elementor-widget-button\" data-id=\"bfdf3dc\" data-element_type=\"widget\" data-widget_type=\"button.default\">\n\t\t\t\t<div class=\"elementor-widget-container\">\n\t\t\t\t\t\t\t\t\t<div class=\"elementor-button-wrapper\">\n\t\t\t\t\t<a class=\"elementor-button elementor-button-link elementor-size-sm\" href=\"http:\/\/hippobusiness.com.br\/es\/contato\/\" target=\"_blank\">\n\t\t\t\t\t\t<span class=\"elementor-button-content-wrapper\">\n\t\t\t\t\t\t\t\t\t<span class=\"elementor-button-text\">Cont\u00e1ctanos<\/span>\n\t\t\t\t\t<\/span>\n\t\t\t\t\t<\/a>\n\t\t\t\t<\/div>\n\t\t\t\t\t\t\t\t<\/div>\n\t\t\t\t<\/div>\n\t\t\t\t\t<\/div>\n\t\t\t\t<\/div>\n\t\t<div class=\"elementor-element elementor-element-ef8d55d e-flex e-con-boxed e-con e-child\" data-id=\"ef8d55d\" data-element_type=\"container\">\n\t\t\t\t\t<div class=\"e-con-inner\">\n\t\t\t\t<div class=\"elementor-element elementor-element-802261e elementor-widget elementor-widget-spacer\" data-id=\"802261e\" data-element_type=\"widget\" data-widget_type=\"spacer.default\">\n\t\t\t\t<div class=\"elementor-widget-container\">\n\t\t\t\t\t\t\t<div class=\"elementor-spacer\">\n\t\t\t<div class=\"elementor-spacer-inner\"><\/div>\n\t\t<\/div>\n\t\t\t\t\t\t<\/div>\n\t\t\t\t<\/div>\n\t\t\t\t\t<\/div>\n\t\t\t\t<\/div>\n\t\t\t\t\t<\/div>\n\t\t\t\t<\/div>\n\t\t\t\t<\/div>","protected":false},"excerpt":{"rendered":"","protected":false},"author":1,"featured_media":0,"parent":0,"menu_order":0,"comment_status":"closed","ping_status":"closed","template":"","meta":{"footnotes":""},"class_list":["post-350","page","type-page","status-publish","hentry"],"_links":{"self":[{"href":"https:\/\/hippobusiness.com.br\/es\/wp-json\/wp\/v2\/pages\/350","targetHints":{"allow":["GET"]}}],"collection":[{"href":"https:\/\/hippobusiness.com.br\/es\/wp-json\/wp\/v2\/pages"}],"about":[{"href":"https:\/\/hippobusiness.com.br\/es\/wp-json\/wp\/v2\/types\/page"}],"author":[{"embeddable":true,"href":"https:\/\/hippobusiness.com.br\/es\/wp-json\/wp\/v2\/users\/1"}],"replies":[{"embeddable":true,"href":"https:\/\/hippobusiness.com.br\/es\/wp-json\/wp\/v2\/comments?post=350"}],"version-history":[{"count":1,"href":"https:\/\/hippobusiness.com.br\/es\/wp-json\/wp\/v2\/pages\/350\/revisions"}],"predecessor-version":[{"id":351,"href":"https:\/\/hippobusiness.com.br\/es\/wp-json\/wp\/v2\/pages\/350\/revisions\/351"}],"wp:attachment":[{"href":"https:\/\/hippobusiness.com.br\/es\/wp-json\/wp\/v2\/media?parent=350"}],"curies":[{"name":"wp","href":"https:\/\/api.w.org\/{rel}","templated":true}]}}